{"id":493,"date":"2021-09-16T07:32:33","date_gmt":"2021-09-16T10:32:33","guid":{"rendered":"http:\/\/demo.ovathemes.com\/moore\/?page_id=493"},"modified":"2022-11-28T19:06:32","modified_gmt":"2022-11-28T22:06:32","slug":"quem-somos","status":"publish","type":"page","link":"https:\/\/cartorioadrianaceliac.com.br\/?page_id=493","title":{"rendered":"Quem somos"},"content":{"rendered":"\t\t<div data-elementor-type=\"wp-page\" data-elementor-id=\"493\" class=\"elementor elementor-493\" data-elementor-settings=\"[]\">\n\t\t\t\t\t\t\t<div class=\"elementor-section-wrap\">\n\t\t\t\t\t\t\t<section class=\"elementor-section elementor-top-section elementor-element elementor-element-d074308 elementor-section-boxed elementor-section-height-default elementor-section-height-default\" data-id=\"d074308\" data-element_type=\"section\">\n\t\t\t\t\t\t\t<div class=\"elementor-background-overlay\"><\/div>\n\t\t\t\t\t\t\t<div class=\"elementor-container elementor-column-gap-default\">\n\t\t\t\t\t<div class=\"elementor-column elementor-col-100 elementor-top-column elementor-element elementor-element-7897c8b\" data-id=\"7897c8b\" data-element_type=\"column\">\n\t\t\t<div class=\"elementor-widget-wrap elementor-element-populated\">\n\t\t\t\t\t\t\t\t<div class=\"elementor-element elementor-element-93d7867 elementor-widget elementor-widget-moore_elementor_heading\" data-id=\"93d7867\" data-element_type=\"widget\" data-widget_type=\"moore_elementor_heading.default\">\n\t\t\t\t<div class=\"elementor-widget-container\">\n\t\t\t         <div class=\"ova-heading\">\n\n\t\t\t<h2 class=\"title\">CART\u00d3RIO ADRIANA CELIAC<\/h2>\n\t\t \t\n\t    <\/div>\n\t\t \t\n\t\t\t\t<\/div>\n\t\t\t\t<\/div>\n\t\t\t\t<div class=\"elementor-element elementor-element-f6bab03 elementor-widget elementor-widget-text-editor\" data-id=\"f6bab03\" data-element_type=\"widget\" data-widget_type=\"text-editor.default\">\n\t\t\t\t<div class=\"elementor-widget-container\">\n\t\t\t<style>\/*! elementor - v3.5.5 - 03-02-2022 *\/\n.elementor-widget-text-editor.elementor-drop-cap-view-stacked .elementor-drop-cap{background-color:#818a91;color:#fff}.elementor-widget-text-editor.elementor-drop-cap-view-framed .elementor-drop-cap{color:#818a91;border:3px solid;background-color:transparent}.elementor-widget-text-editor:not(.elementor-drop-cap-view-default) .elementor-drop-cap{margin-top:8px}.elementor-widget-text-editor:not(.elementor-drop-cap-view-default) .elementor-drop-cap-letter{width:1em;height:1em}.elementor-widget-text-editor .elementor-drop-cap{float:left;text-align:center;line-height:1;font-size:50px}.elementor-widget-text-editor .elementor-drop-cap-letter{display:inline-block}<\/style>\t\t\t\t<p>O Cart\u00f3rio de Registro Civil das Pessoas Naturais do Arraial de Santo Ant\u00f4nio, distrito do mesmo nome, munic\u00edpio de Pouso Alto, Comarca de Morrinhos, Estado de Goi\u00e1s, foi criado em 14 de fevereiro de 1899, quando houve a lavratura do primeiro termo de casamento, assinado pelo oficial registrador, Joaquim Ign\u00e1cio Pereira. Hoje conhecido como Cart\u00f3rio de Registro Civil das Pessoas Naturais e Tabelionato de Notas da Comarca de Hidrol\u00e2ndia-GO.<\/p><p>V\u00e1rios foram os oficiais registradores desta serventia, podemos destacar entre eles: Joaquim Ign\u00e1cio Pereira, Jo\u00e3o Paranahyba, Ant\u00f4nio Correia de Ara\u00fajo, Julieta Machado da Costa Santana, Jos\u00e9 Vieira Machado, Maria de Lourdes Porf\u00edrio Borges e atualmente, Adriana Celiac de Melo.<\/p><p>Adriana Celiac de Melo iniciou a fun\u00e7\u00e3o de oficial substituta do Cart\u00f3rio de Registro Civil nomeada pelo Juiz de Direito da Comarca de Hidrol\u00e2ndia-GO, Ari Ferreira de Queiroz, em 22\/04\/1992, atrav\u00e9s da portaria n\u00ba 02\/92.<\/p><p>No dia 21\/11\/1994, foi nomeada oficial do Cart\u00f3rio de Registro Civil das Pessoas Naturais da Comarca de Hidrol\u00e2ndia-GO, pelo Decreto Judici\u00e1rio n\u00ba 1.402\/94, de 21\/11\/1994, assinado pelo Presidente do Tribunal de Justi\u00e7a do Estado de Goi\u00e1s, Desembargador Mauro Campos, em virtude de haver sido habilitada em concurso p\u00fablico a que se submeteu na forma da lei.<br \/>Hoje o Cart\u00f3rio de Registro Civil das Pessoas Naturais e Tabelionato de Notas de Hidrol\u00e2ndia-GO est\u00e1 situado na Avenida Perimetral, n\u00ba 627, Centro, atendendo a popula\u00e7\u00e3o do munic\u00edpio e cidades vizinhas, sempre com agilidade e seguran\u00e7a jur\u00eddica.<\/p><p>\u00a0<\/p><p>\u00a0<\/p>\t\t\t\t\t\t<\/div>\n\t\t\t\t<\/div>\n\t\t\t\t<section class=\"elementor-section elementor-inner-section elementor-element elementor-element-0ebf7b4 elementor-section-boxed elementor-section-height-default elementor-section-height-default\" data-id=\"0ebf7b4\" data-element_type=\"section\">\n\t\t\t\t\t\t<div class=\"elementor-container elementor-column-gap-default\">\n\t\t\t\t\t<div class=\"elementor-column elementor-col-33 elementor-inner-column elementor-element elementor-element-0aa50f8\" data-id=\"0aa50f8\" data-element_type=\"column\">\n\t\t\t<div class=\"elementor-widget-wrap elementor-element-populated\">\n\t\t\t\t\t\t\t\t<div class=\"elementor-element elementor-element-e15ff0d elementor-widget elementor-widget-text-editor\" data-id=\"e15ff0d\" data-element_type=\"widget\" data-widget_type=\"text-editor.default\">\n\t\t\t\t<div class=\"elementor-widget-container\">\n\t\t\t\t\t\t\t<p><span style=\"font-weight: bolder; text-align: justify;\">MISS\u00c3O:<\/span><br style=\"text-align: justify;\" \/><span style=\"text-align: justify;\">Ser o melhor atendimento do segmento, atrav\u00e9s de postura profissional, conforto e seguran\u00e7a jur\u00eddica nas atividades notariais e registrais.<\/span><\/p>\t\t\t\t\t\t<\/div>\n\t\t\t\t<\/div>\n\t\t\t\t\t<\/div>\n\t\t<\/div>\n\t\t\t\t<div class=\"elementor-column elementor-col-33 elementor-inner-column elementor-element elementor-element-23fb7e2\" data-id=\"23fb7e2\" data-element_type=\"column\">\n\t\t\t<div class=\"elementor-widget-wrap elementor-element-populated\">\n\t\t\t\t\t\t\t\t<div class=\"elementor-element elementor-element-22eca24 elementor-widget elementor-widget-text-editor\" data-id=\"22eca24\" data-element_type=\"widget\" data-widget_type=\"text-editor.default\">\n\t\t\t\t<div class=\"elementor-widget-container\">\n\t\t\t\t\t\t\t<p><strong>VIS\u00c3O:<\/strong>\u00a0<br \/>Ser refer\u00eancia na regi\u00e3o metropolitana com permanente profissionaliza\u00e7\u00e3o, capacita\u00e7\u00e3o continuada e intera\u00e7\u00e3o moderna com as partes interessadas.\u00a0<\/p>\t\t\t\t\t\t<\/div>\n\t\t\t\t<\/div>\n\t\t\t\t\t<\/div>\n\t\t<\/div>\n\t\t\t\t<div class=\"elementor-column elementor-col-33 elementor-inner-column elementor-element elementor-element-13b61e2\" data-id=\"13b61e2\" data-element_type=\"column\">\n\t\t\t<div class=\"elementor-widget-wrap elementor-element-populated\">\n\t\t\t\t\t\t\t\t<div class=\"elementor-element elementor-element-b107472 elementor-widget elementor-widget-text-editor\" data-id=\"b107472\" data-element_type=\"widget\" data-widget_type=\"text-editor.default\">\n\t\t\t\t<div class=\"elementor-widget-container\">\n\t\t\t\t\t\t\t<p style=\"text-align: left;\"><strong>VALORES:<\/strong><br \/>SATISFA\u00c7\u00c3O PROFISSIONAL<br \/>CONFIAN\u00c7A<br \/>HONESTIDADE<br \/>FELICIDADE<\/p>\t\t\t\t\t\t<\/div>\n\t\t\t\t<\/div>\n\t\t\t\t\t<\/div>\n\t\t<\/div>\n\t\t\t\t\t\t\t<\/div>\n\t\t<\/section>\n\t\t\t\t\t<\/div>\n\t\t<\/div>\n\t\t\t\t\t\t\t<\/div>\n\t\t<\/section>\n\t\t\t\t<section class=\"elementor-section elementor-top-section elementor-element elementor-element-8cab4ff elementor-section-boxed elementor-section-height-default elementor-section-height-default\" data-id=\"8cab4ff\" data-element_type=\"section\">\n\t\t\t\t\t\t<div class=\"elementor-container elementor-column-gap-default\">\n\t\t\t\t\t<div class=\"elementor-column elementor-col-100 elementor-top-column elementor-element elementor-element-df8fdc6\" data-id=\"df8fdc6\" data-element_type=\"column\">\n\t\t\t<div class=\"elementor-widget-wrap elementor-element-populated\">\n\t\t\t\t\t\t\t\t<div class=\"elementor-element elementor-element-ab73c0d elementor-aspect-ratio-32 elementor-widget elementor-widget-video\" data-id=\"ab73c0d\" data-element_type=\"widget\" data-settings=\"{&quot;video_type&quot;:&quot;hosted&quot;,&quot;aspect_ratio&quot;:&quot;32&quot;,&quot;controls&quot;:&quot;yes&quot;}\" data-widget_type=\"video.default\">\n\t\t\t\t<div class=\"elementor-widget-container\">\n\t\t\t<style>\/*! elementor - v3.5.5 - 03-02-2022 *\/\n.elementor-widget-video .elementor-widget-container{overflow:hidden;-webkit-transform:translateZ(0);transform:translateZ(0)}.elementor-widget-video .elementor-open-inline .elementor-custom-embed-image-overlay{position:absolute;top:0;left:0;width:100%;height:100%;-webkit-background-size:cover;background-size:cover;background-position:50%}.elementor-widget-video .elementor-custom-embed-image-overlay{cursor:pointer;text-align:center}.elementor-widget-video .elementor-custom-embed-image-overlay:hover .elementor-custom-embed-play i{opacity:1}.elementor-widget-video .elementor-custom-embed-image-overlay img{display:block;width:100%}.elementor-widget-video .e-hosted-video .elementor-video{-o-object-fit:cover;object-fit:cover}<\/style>\t\t<div class=\"e-hosted-video elementor-wrapper elementor-fit-aspect-ratio elementor-open-inline\">\n\t\t\t\t\t<video class=\"elementor-video\" src=\"http:\/\/cartorioadrianaceliac.com.br\/wp-content\/uploads\/2022\/11\/adrianaceliac.mp4\" controls=\"\" controlsList=\"nodownload\"><\/video>\n\t\t\t\t<\/div>\n\t\t\t\t<\/div>\n\t\t\t\t<\/div>\n\t\t\t\t\t<\/div>\n\t\t<\/div>\n\t\t\t\t\t\t\t<\/div>\n\t\t<\/section>\n\t\t\t\t\t\t<\/div>\n\t\t\t\t\t<\/div>\n\t\t","protected":false},"excerpt":{"rendered":"<p>CART\u00d3RIO ADRIANA CELIAC O Cart\u00f3rio de Registro Civil das Pessoas Naturais do Arraial de Santo Ant\u00f4nio, distrito do mesmo nome, munic\u00edpio de Pouso Alto, Comarca de Morrinhos, Estado de Goi\u00e1s, foi criado em 14 de fevereiro de 1899, quando houve a lavratura do primeiro termo de casamento, assinado pelo oficial registrador, Joaquim Ign\u00e1cio Pereira. Hoje [&hellip;]<\/p>\n","protected":false},"author":1,"featured_media":0,"parent":0,"menu_order":0,"comment_status":"closed","ping_status":"closed","template":"elementor_header_footer","meta":{"_monsterinsights_skip_tracking":false,"_monsterinsights_sitenote_active":false,"_monsterinsights_sitenote_note":"","_monsterinsights_sitenote_category":0,"footnotes":""},"class_list":["post-493","page","type-page","status-publish","hentry"],"yoast_head":"<!-- This site is optimized with the Yoast SEO plugin v19.6.1 - https:\/\/yoast.com\/wordpress\/plugins\/seo\/ -->\n<title>Quem somos - Cart\u00f3rio Adriana Celiac<\/title>\n<meta name=\"description\" content=\"Cart\u00f3rio Adriana Celiac na cidade de Hidrol\u00e2ndia.\" \/>\n<meta name=\"robots\" content=\"index, follow, max-snippet:-1, max-image-preview:large, max-video-preview:-1\" \/>\n<link rel=\"canonical\" href=\"https:\/\/cartorioadrianaceliac.com.br\/?page_id=493\" \/>\n<meta property=\"og:locale\" content=\"pt_BR\" \/>\n<meta property=\"og:type\" content=\"article\" \/>\n<meta property=\"og:title\" content=\"Quem somos - Cart\u00f3rio Adriana Celiac\" \/>\n<meta property=\"og:description\" content=\"Cart\u00f3rio Adriana Celiac na cidade de Hidrol\u00e2ndia.\" \/>\n<meta property=\"og:url\" content=\"https:\/\/cartorioadrianaceliac.com.br\/?page_id=493\" \/>\n<meta property=\"og:site_name\" content=\"Cart\u00f3rio Adriana Celiac\" \/>\n<meta property=\"article:modified_time\" content=\"2022-11-28T22:06:32+00:00\" \/>\n<meta name=\"twitter:card\" content=\"summary_large_image\" \/>\n<meta name=\"twitter:label1\" content=\"Est. tempo de leitura\" \/>\n\t<meta name=\"twitter:data1\" content=\"2 minutos\" \/>\n<script type=\"application\/ld+json\" class=\"yoast-schema-graph\">{\"@context\":\"https:\/\/schema.org\",\"@graph\":[{\"@type\":\"WebPage\",\"@id\":\"https:\/\/cartorioadrianaceliac.com.br\/?page_id=493\",\"url\":\"https:\/\/cartorioadrianaceliac.com.br\/?page_id=493\",\"name\":\"Quem somos - Cart\u00f3rio Adriana Celiac\",\"isPartOf\":{\"@id\":\"https:\/\/cartorioadrianaceliac.com.br\/#website\"},\"datePublished\":\"2021-09-16T10:32:33+00:00\",\"dateModified\":\"2022-11-28T22:06:32+00:00\",\"description\":\"Cart\u00f3rio Adriana Celiac na cidade de Hidrol\u00e2ndia.\",\"breadcrumb\":{\"@id\":\"https:\/\/cartorioadrianaceliac.com.br\/?page_id=493#breadcrumb\"},\"inLanguage\":\"pt-BR\",\"potentialAction\":[{\"@type\":\"ReadAction\",\"target\":[\"https:\/\/cartorioadrianaceliac.com.br\/?page_id=493\"]}]},{\"@type\":\"BreadcrumbList\",\"@id\":\"https:\/\/cartorioadrianaceliac.com.br\/?page_id=493#breadcrumb\",\"itemListElement\":[{\"@type\":\"ListItem\",\"position\":1,\"name\":\"In\u00edcio\",\"item\":\"https:\/\/cartorioadrianaceliac.com.br\/\"},{\"@type\":\"ListItem\",\"position\":2,\"name\":\"Quem somos\"}]},{\"@type\":\"WebSite\",\"@id\":\"https:\/\/cartorioadrianaceliac.com.br\/#website\",\"url\":\"https:\/\/cartorioadrianaceliac.com.br\/\",\"name\":\"Cart\u00f3rio Adriana Celiac\",\"description\":\"Cart\u00f3rio localizado em Hidrol\u00e2ndia\",\"publisher\":{\"@id\":\"https:\/\/cartorioadrianaceliac.com.br\/#organization\"},\"potentialAction\":[{\"@type\":\"SearchAction\",\"target\":{\"@type\":\"EntryPoint\",\"urlTemplate\":\"https:\/\/cartorioadrianaceliac.com.br\/?s={search_term_string}\"},\"query-input\":\"required name=search_term_string\"}],\"inLanguage\":\"pt-BR\"},{\"@type\":\"Organization\",\"@id\":\"https:\/\/cartorioadrianaceliac.com.br\/#organization\",\"name\":\"Cart\u00f3rio Adriana Celiac\",\"url\":\"https:\/\/cartorioadrianaceliac.com.br\/\",\"sameAs\":[],\"logo\":{\"@type\":\"ImageObject\",\"inLanguage\":\"pt-BR\",\"@id\":\"https:\/\/cartorioadrianaceliac.com.br\/#\/schema\/logo\/image\/\",\"url\":\"https:\/\/cartorioadrianaceliac.com.br\/wp-content\/uploads\/2022\/02\/Logo01.png\",\"contentUrl\":\"https:\/\/cartorioadrianaceliac.com.br\/wp-content\/uploads\/2022\/02\/Logo01.png\",\"width\":1123,\"height\":416,\"caption\":\"Cart\u00f3rio Adriana Celiac\"},\"image\":{\"@id\":\"https:\/\/cartorioadrianaceliac.com.br\/#\/schema\/logo\/image\/\"}}]}<\/script>\n<!-- \/ Yoast SEO plugin. -->","yoast_head_json":{"title":"Quem somos - Cart\u00f3rio Adriana Celiac","description":"Cart\u00f3rio Adriana Celiac na cidade de Hidrol\u00e2ndia.","robots":{"index":"index","follow":"follow","max-snippet":"max-snippet:-1","max-image-preview":"max-image-preview:large","max-video-preview":"max-video-preview:-1"},"canonical":"https:\/\/cartorioadrianaceliac.com.br\/?page_id=493","og_locale":"pt_BR","og_type":"article","og_title":"Quem somos - Cart\u00f3rio Adriana Celiac","og_description":"Cart\u00f3rio Adriana Celiac na cidade de Hidrol\u00e2ndia.","og_url":"https:\/\/cartorioadrianaceliac.com.br\/?page_id=493","og_site_name":"Cart\u00f3rio Adriana Celiac","article_modified_time":"2022-11-28T22:06:32+00:00","twitter_card":"summary_large_image","twitter_misc":{"Est. tempo de leitura":"2 minutos"},"schema":{"@context":"https:\/\/schema.org","@graph":[{"@type":"WebPage","@id":"https:\/\/cartorioadrianaceliac.com.br\/?page_id=493","url":"https:\/\/cartorioadrianaceliac.com.br\/?page_id=493","name":"Quem somos - Cart\u00f3rio Adriana Celiac","isPartOf":{"@id":"https:\/\/cartorioadrianaceliac.com.br\/#website"},"datePublished":"2021-09-16T10:32:33+00:00","dateModified":"2022-11-28T22:06:32+00:00","description":"Cart\u00f3rio Adriana Celiac na cidade de Hidrol\u00e2ndia.","breadcrumb":{"@id":"https:\/\/cartorioadrianaceliac.com.br\/?page_id=493#breadcrumb"},"inLanguage":"pt-BR","potentialAction":[{"@type":"ReadAction","target":["https:\/\/cartorioadrianaceliac.com.br\/?page_id=493"]}]},{"@type":"BreadcrumbList","@id":"https:\/\/cartorioadrianaceliac.com.br\/?page_id=493#breadcrumb","itemListElement":[{"@type":"ListItem","position":1,"name":"In\u00edcio","item":"https:\/\/cartorioadrianaceliac.com.br\/"},{"@type":"ListItem","position":2,"name":"Quem somos"}]},{"@type":"WebSite","@id":"https:\/\/cartorioadrianaceliac.com.br\/#website","url":"https:\/\/cartorioadrianaceliac.com.br\/","name":"Cart\u00f3rio Adriana Celiac","description":"Cart\u00f3rio localizado em Hidrol\u00e2ndia","publisher":{"@id":"https:\/\/cartorioadrianaceliac.com.br\/#organization"},"potentialAction":[{"@type":"SearchAction","target":{"@type":"EntryPoint","urlTemplate":"https:\/\/cartorioadrianaceliac.com.br\/?s={search_term_string}"},"query-input":"required name=search_term_string"}],"inLanguage":"pt-BR"},{"@type":"Organization","@id":"https:\/\/cartorioadrianaceliac.com.br\/#organization","name":"Cart\u00f3rio Adriana Celiac","url":"https:\/\/cartorioadrianaceliac.com.br\/","sameAs":[],"logo":{"@type":"ImageObject","inLanguage":"pt-BR","@id":"https:\/\/cartorioadrianaceliac.com.br\/#\/schema\/logo\/image\/","url":"https:\/\/cartorioadrianaceliac.com.br\/wp-content\/uploads\/2022\/02\/Logo01.png","contentUrl":"https:\/\/cartorioadrianaceliac.com.br\/wp-content\/uploads\/2022\/02\/Logo01.png","width":1123,"height":416,"caption":"Cart\u00f3rio Adriana Celiac"},"image":{"@id":"https:\/\/cartorioadrianaceliac.com.br\/#\/schema\/logo\/image\/"}}]}},"_links":{"self":[{"href":"https:\/\/cartorioadrianaceliac.com.br\/index.php?rest_route=\/wp\/v2\/pages\/493","targetHints":{"allow":["GET"]}}],"collection":[{"href":"https:\/\/cartorioadrianaceliac.com.br\/index.php?rest_route=\/wp\/v2\/pages"}],"about":[{"href":"https:\/\/cartorioadrianaceliac.com.br\/index.php?rest_route=\/wp\/v2\/types\/page"}],"author":[{"embeddable":true,"href":"https:\/\/cartorioadrianaceliac.com.br\/index.php?rest_route=\/wp\/v2\/users\/1"}],"replies":[{"embeddable":true,"href":"https:\/\/cartorioadrianaceliac.com.br\/index.php?rest_route=%2Fwp%2Fv2%2Fcomments&post=493"}],"version-history":[{"count":13,"href":"https:\/\/cartorioadrianaceliac.com.br\/index.php?rest_route=\/wp\/v2\/pages\/493\/revisions"}],"predecessor-version":[{"id":7069,"href":"https:\/\/cartorioadrianaceliac.com.br\/index.php?rest_route=\/wp\/v2\/pages\/493\/revisions\/7069"}],"wp:attachment":[{"href":"https:\/\/cartorioadrianaceliac.com.br\/index.php?rest_route=%2Fwp%2Fv2%2Fmedia&parent=493"}],"curies":[{"name":"wp","href":"https:\/\/api.w.org\/{rel}","templated":true}]}}