{"id":7094,"date":"2023-09-22T21:01:03","date_gmt":"2023-09-23T00:01:03","guid":{"rendered":"https:\/\/cartorioadrianaceliac.com.br\/?page_id=7094"},"modified":"2023-09-22T21:19:12","modified_gmt":"2023-09-23T00:19:12","slug":"lgpd","status":"publish","type":"page","link":"https:\/\/cartorioadrianaceliac.com.br\/?page_id=7094","title":{"rendered":"LGPD"},"content":{"rendered":"\t\t<div data-elementor-type=\"wp-page\" data-elementor-id=\"7094\" class=\"elementor elementor-7094\" data-elementor-settings=\"[]\">\n\t\t\t\t\t\t\t<div class=\"elementor-section-wrap\">\n\t\t\t\t\t\t\t<section class=\"elementor-section elementor-top-section elementor-element elementor-element-af63968 elementor-section-boxed elementor-section-height-default elementor-section-height-default\" data-id=\"af63968\" data-element_type=\"section\">\n\t\t\t\t\t\t<div class=\"elementor-container elementor-column-gap-default\">\n\t\t\t\t\t<div class=\"elementor-column elementor-col-100 elementor-top-column elementor-element elementor-element-9c66307\" data-id=\"9c66307\" data-element_type=\"column\">\n\t\t\t<div class=\"elementor-widget-wrap elementor-element-populated\">\n\t\t\t\t\t\t\t\t\t<\/div>\n\t\t<\/div>\n\t\t\t\t\t\t\t<\/div>\n\t\t<\/section>\n\t\t\t\t<section class=\"elementor-section elementor-top-section elementor-element elementor-element-46e722fc elementor-section-height-min-height elementor-section-boxed elementor-section-height-default elementor-section-items-middle\" data-id=\"46e722fc\" data-element_type=\"section\" data-settings=\"{&quot;background_background&quot;:&quot;classic&quot;}\">\n\t\t\t\t\t\t<div class=\"elementor-container elementor-column-gap-default\">\n\t\t\t\t\t<div class=\"elementor-column elementor-col-100 elementor-top-column elementor-element elementor-element-1b6c5afc\" data-id=\"1b6c5afc\" data-element_type=\"column\">\n\t\t\t<div class=\"elementor-widget-wrap elementor-element-populated\">\n\t\t\t\t\t\t\t\t<div class=\"elementor-element elementor-element-2e254b52 elementor-widget elementor-widget-text-editor\" data-id=\"2e254b52\" data-element_type=\"widget\" data-widget_type=\"text-editor.default\">\n\t\t\t\t<div class=\"elementor-widget-container\">\n\t\t\t<style>\/*! elementor - v3.5.5 - 03-02-2022 *\/\n.elementor-widget-text-editor.elementor-drop-cap-view-stacked .elementor-drop-cap{background-color:#818a91;color:#fff}.elementor-widget-text-editor.elementor-drop-cap-view-framed .elementor-drop-cap{color:#818a91;border:3px solid;background-color:transparent}.elementor-widget-text-editor:not(.elementor-drop-cap-view-default) .elementor-drop-cap{margin-top:8px}.elementor-widget-text-editor:not(.elementor-drop-cap-view-default) .elementor-drop-cap-letter{width:1em;height:1em}.elementor-widget-text-editor .elementor-drop-cap{float:left;text-align:center;line-height:1;font-size:50px}.elementor-widget-text-editor .elementor-drop-cap-letter{display:inline-block}<\/style>\t\t\t\t<p>Pol\u00edtica de Privacidade | Termo de Consentimento<\/p>\t\t\t\t\t\t<\/div>\n\t\t\t\t<\/div>\n\t\t\t\t<div class=\"elementor-element elementor-element-25d92049 elementor-widget elementor-widget-heading\" data-id=\"25d92049\" data-element_type=\"widget\" data-widget_type=\"heading.default\">\n\t\t\t\t<div class=\"elementor-widget-container\">\n\t\t\t<style>\/*! elementor - v3.5.5 - 03-02-2022 *\/\n.elementor-heading-title{padding:0;margin:0;line-height:1}.elementor-widget-heading .elementor-heading-title[class*=elementor-size-]>a{color:inherit;font-size:inherit;line-height:inherit}.elementor-widget-heading .elementor-heading-title.elementor-size-small{font-size:15px}.elementor-widget-heading .elementor-heading-title.elementor-size-medium{font-size:19px}.elementor-widget-heading .elementor-heading-title.elementor-size-large{font-size:29px}.elementor-widget-heading .elementor-heading-title.elementor-size-xl{font-size:39px}.elementor-widget-heading .elementor-heading-title.elementor-size-xxl{font-size:59px}<\/style><h1 class=\"elementor-heading-title elementor-size-default\">LGPD<\/h1>\t\t<\/div>\n\t\t\t\t<\/div>\n\t\t\t\t\t<\/div>\n\t\t<\/div>\n\t\t\t\t\t\t\t<\/div>\n\t\t<\/section>\n\t\t\t\t<section class=\"elementor-section elementor-top-section elementor-element elementor-element-ca98a90 elementor-section-boxed elementor-section-height-default elementor-section-height-default\" data-id=\"ca98a90\" data-element_type=\"section\">\n\t\t\t\t\t\t<div class=\"elementor-container elementor-column-gap-default\">\n\t\t\t\t\t<div class=\"elementor-column elementor-col-100 elementor-top-column elementor-element elementor-element-592d67c2\" data-id=\"592d67c2\" data-element_type=\"column\">\n\t\t\t<div class=\"elementor-widget-wrap elementor-element-populated\">\n\t\t\t\t\t\t\t\t<div class=\"elementor-element elementor-element-316ceb22 elementor-widget elementor-widget-heading\" data-id=\"316ceb22\" data-element_type=\"widget\" data-widget_type=\"heading.default\">\n\t\t\t\t<div class=\"elementor-widget-container\">\n\t\t\t<h2 class=\"elementor-heading-title elementor-size-default\">Arquivos para baixar:<\/h2>\t\t<\/div>\n\t\t\t\t<\/div>\n\t\t\t\t<section class=\"elementor-section elementor-inner-section elementor-element elementor-element-70390c46 elementor-section-boxed elementor-section-height-default elementor-section-height-default\" data-id=\"70390c46\" data-element_type=\"section\">\n\t\t\t\t\t\t<div class=\"elementor-container elementor-column-gap-default\">\n\t\t\t\t\t<div class=\"elementor-column elementor-col-50 elementor-inner-column elementor-element elementor-element-ec604bf\" data-id=\"ec604bf\" data-element_type=\"column\">\n\t\t\t<div class=\"elementor-widget-wrap\">\n\t\t\t\t\t\t\t\t\t<\/div>\n\t\t<\/div>\n\t\t\t\t<div class=\"elementor-column elementor-col-50 elementor-inner-column elementor-element elementor-element-6fae8bf6\" data-id=\"6fae8bf6\" data-element_type=\"column\">\n\t\t\t<div class=\"elementor-widget-wrap\">\n\t\t\t\t\t\t\t\t\t<\/div>\n\t\t<\/div>\n\t\t\t\t\t\t\t<\/div>\n\t\t<\/section>\n\t\t\t\t\t<\/div>\n\t\t<\/div>\n\t\t\t\t\t\t\t<\/div>\n\t\t<\/section>\n\t\t\t\t<section class=\"elementor-section elementor-top-section elementor-element elementor-element-7fa1f65 elementor-section-boxed elementor-section-height-default elementor-section-height-default\" data-id=\"7fa1f65\" data-element_type=\"section\">\n\t\t\t\t\t\t<div class=\"elementor-container elementor-column-gap-default\">\n\t\t\t\t\t<div class=\"elementor-column elementor-col-50 elementor-top-column elementor-element elementor-element-758d5d5\" data-id=\"758d5d5\" data-element_type=\"column\">\n\t\t\t<div class=\"elementor-widget-wrap elementor-element-populated\">\n\t\t\t\t\t\t\t\t<div class=\"elementor-element elementor-element-7c4cef0 elementor-widget__width-initial elementor-widget elementor-widget-heading\" data-id=\"7c4cef0\" data-element_type=\"widget\" data-widget_type=\"heading.default\">\n\t\t\t\t<div class=\"elementor-widget-container\">\n\t\t\t<h2 class=\"elementor-heading-title elementor-size-default\"><span style=\"font-weight: bolder; color: rgb(0, 0, 0); font-size: 23px; text-align: center; white-space-collapse: collapse;\">Pol\u00edtica de Seguranc\u0327a da Informac\u0327a\u0303o LGPD<\/span><\/h2>\t\t<\/div>\n\t\t\t\t<\/div>\n\t\t\t\t\t<\/div>\n\t\t<\/div>\n\t\t\t\t<div class=\"elementor-column elementor-col-50 elementor-top-column elementor-element elementor-element-4921168\" data-id=\"4921168\" data-element_type=\"column\" data-settings=\"{&quot;background_background&quot;:&quot;classic&quot;}\">\n\t\t\t<div class=\"elementor-widget-wrap elementor-element-populated\">\n\t\t\t\t\t\t\t\t<div class=\"elementor-element elementor-element-bc59dca elementor-align-center elementor-widget elementor-widget-button\" data-id=\"bc59dca\" data-element_type=\"widget\" data-widget_type=\"button.default\">\n\t\t\t\t<div class=\"elementor-widget-container\">\n\t\t\t\t\t<div class=\"elementor-button-wrapper\">\n\t\t\t<a href=\"http:\/\/cartorioadrianaceliac.com.br\/wp-content\/uploads\/2023\/09\/Politica-de-seguranc\u0327a-da-informac\u0327a\u0303o-lgpd-Cartorio-Adriana.pdf\" target=\"_blank\" class=\"elementor-button-link elementor-button elementor-size-sm\" role=\"button\">\n\t\t\t\t\t\t<span class=\"elementor-button-content-wrapper\">\n\t\t\t\t\t\t<span class=\"elementor-button-text\">BAIXAR ARQUIVO<\/span>\n\t\t<\/span>\n\t\t\t\t\t<\/a>\n\t\t<\/div>\n\t\t\t\t<\/div>\n\t\t\t\t<\/div>\n\t\t\t\t\t<\/div>\n\t\t<\/div>\n\t\t\t\t\t\t\t<\/div>\n\t\t<\/section>\n\t\t\t\t<section class=\"elementor-section elementor-top-section elementor-element elementor-element-58199c2 elementor-section-boxed elementor-section-height-default elementor-section-height-default\" data-id=\"58199c2\" data-element_type=\"section\">\n\t\t\t\t\t\t<div class=\"elementor-container elementor-column-gap-default\">\n\t\t\t\t\t<div class=\"elementor-column elementor-col-50 elementor-top-column elementor-element elementor-element-2ec6fed\" data-id=\"2ec6fed\" data-element_type=\"column\">\n\t\t\t<div class=\"elementor-widget-wrap elementor-element-populated\">\n\t\t\t\t\t\t\t\t<div class=\"elementor-element elementor-element-2542b52 elementor-widget__width-initial elementor-widget elementor-widget-heading\" data-id=\"2542b52\" data-element_type=\"widget\" data-widget_type=\"heading.default\">\n\t\t\t\t<div class=\"elementor-widget-container\">\n\t\t\t<h2 class=\"elementor-heading-title elementor-size-default\"><span style=\"font-weight: bolder; color: rgb(0, 0, 0); font-size: 23px; text-align: center; white-space-collapse: collapse;\">Termo&nbsp; de Consentimento para Tratamento de Dados Pessoais<\/span><\/h2>\t\t<\/div>\n\t\t\t\t<\/div>\n\t\t\t\t\t<\/div>\n\t\t<\/div>\n\t\t\t\t<div class=\"elementor-column elementor-col-50 elementor-top-column elementor-element elementor-element-d9d9875\" data-id=\"d9d9875\" data-element_type=\"column\">\n\t\t\t<div class=\"elementor-widget-wrap elementor-element-populated\">\n\t\t\t\t\t\t\t\t<div class=\"elementor-element elementor-element-609490f elementor-align-center elementor-widget elementor-widget-button\" data-id=\"609490f\" data-element_type=\"widget\" data-widget_type=\"button.default\">\n\t\t\t\t<div class=\"elementor-widget-container\">\n\t\t\t\t\t<div class=\"elementor-button-wrapper\">\n\t\t\t<a href=\"https:\/\/cartorioadrianaceliac.com.br\/wp-content\/uploads\/2023\/09\/Termo-Carto%CC%81rio-Adriana-Celiac.pdf\" target=\"_blank\" class=\"elementor-button-link elementor-button elementor-size-sm\" role=\"button\">\n\t\t\t\t\t\t<span class=\"elementor-button-content-wrapper\">\n\t\t\t\t\t\t<span class=\"elementor-button-text\">BAIXAR ARQUIVO<\/span>\n\t\t<\/span>\n\t\t\t\t\t<\/a>\n\t\t<\/div>\n\t\t\t\t<\/div>\n\t\t\t\t<\/div>\n\t\t\t\t\t<\/div>\n\t\t<\/div>\n\t\t\t\t\t\t\t<\/div>\n\t\t<\/section>\n\t\t\t\t<section class=\"elementor-section elementor-top-section elementor-element elementor-element-346b1f5 elementor-section-boxed elementor-section-height-default elementor-section-height-default\" data-id=\"346b1f5\" data-element_type=\"section\">\n\t\t\t\t\t\t<div class=\"elementor-container elementor-column-gap-default\">\n\t\t\t\t\t<div class=\"elementor-column elementor-col-50 elementor-top-column elementor-element elementor-element-5acb232\" data-id=\"5acb232\" data-element_type=\"column\">\n\t\t\t<div class=\"elementor-widget-wrap elementor-element-populated\">\n\t\t\t\t\t\t\t\t<div class=\"elementor-element elementor-element-aafd4ce elementor-widget__width-initial elementor-widget elementor-widget-heading\" data-id=\"aafd4ce\" data-element_type=\"widget\" data-widget_type=\"heading.default\">\n\t\t\t\t<div class=\"elementor-widget-container\">\n\t\t\t<h2 class=\"elementor-heading-title elementor-size-default\"><span style=\"font-weight: bolder; color: rgb(0, 0, 0); font-size: 23px; text-align: center; white-space-collapse: collapse;\">Pol\u00edtica de Privacidade e Comunica\u00e7\u00f5es sobre a LGPD<\/span><\/h2>\t\t<\/div>\n\t\t\t\t<\/div>\n\t\t\t\t\t<\/div>\n\t\t<\/div>\n\t\t\t\t<div class=\"elementor-column elementor-col-50 elementor-top-column elementor-element elementor-element-49e53a4\" data-id=\"49e53a4\" data-element_type=\"column\">\n\t\t\t<div class=\"elementor-widget-wrap elementor-element-populated\">\n\t\t\t\t\t\t\t\t<div class=\"elementor-element elementor-element-7c12640 elementor-align-center elementor-widget elementor-widget-button\" data-id=\"7c12640\" data-element_type=\"widget\" data-widget_type=\"button.default\">\n\t\t\t\t<div class=\"elementor-widget-container\">\n\t\t\t\t\t<div class=\"elementor-button-wrapper\">\n\t\t\t<a href=\"https:\/\/cartorioadrianaceliac.com.br\/wp-content\/uploads\/2023\/09\/LGPD-Carto%CC%81rio-Adriana-Celiac.pdf\" target=\"_blank\" class=\"elementor-button-link elementor-button elementor-size-sm\" role=\"button\">\n\t\t\t\t\t\t<span class=\"elementor-button-content-wrapper\">\n\t\t\t\t\t\t<span class=\"elementor-button-text\">BAIXAR ARQUIVO<\/span>\n\t\t<\/span>\n\t\t\t\t\t<\/a>\n\t\t<\/div>\n\t\t\t\t<\/div>\n\t\t\t\t<\/div>\n\t\t\t\t\t<\/div>\n\t\t<\/div>\n\t\t\t\t\t\t\t<\/div>\n\t\t<\/section>\n\t\t\t\t\t\t<\/div>\n\t\t\t\t\t<\/div>\n\t\t","protected":false},"excerpt":{"rendered":"<p>Pol\u00edtica de Privacidade | Termo de Consentimento LGPD Arquivos para baixar: Pol\u00edtica de Seguranc\u0327a da Informac\u0327a\u0303o LGPD BAIXAR ARQUIVO Termo\u00a0 de Consentimento para Tratamento de Dados Pessoais BAIXAR ARQUIVO Pol\u00edtica de Privacidade e Comunica\u00e7\u00f5es sobre a LGPD BAIXAR ARQUIVO<\/p>\n","protected":false},"author":1,"featured_media":0,"parent":0,"menu_order":0,"comment_status":"closed","ping_status":"closed","template":"elementor_header_footer","meta":{"_monsterinsights_skip_tracking":false,"_monsterinsights_sitenote_active":false,"_monsterinsights_sitenote_note":"","_monsterinsights_sitenote_category":0,"footnotes":""},"class_list":["post-7094","page","type-page","status-publish","hentry"],"yoast_head":"<!-- This site is optimized with the Yoast SEO plugin v19.6.1 - https:\/\/yoast.com\/wordpress\/plugins\/seo\/ -->\n<title>LGPD - Cart\u00f3rio Adriana Celiac<\/title>\n<meta name=\"robots\" content=\"index, follow, max-snippet:-1, max-image-preview:large, max-video-preview:-1\" \/>\n<link rel=\"canonical\" href=\"https:\/\/cartorioadrianaceliac.com.br\/?page_id=7094\" \/>\n<meta property=\"og:locale\" content=\"pt_BR\" \/>\n<meta property=\"og:type\" content=\"article\" \/>\n<meta property=\"og:title\" content=\"LGPD - Cart\u00f3rio Adriana Celiac\" \/>\n<meta property=\"og:description\" content=\"Pol\u00edtica de Privacidade | Termo de Consentimento LGPD Arquivos para baixar: Pol\u00edtica de Seguranc\u0327a da Informac\u0327a\u0303o LGPD BAIXAR ARQUIVO Termo\u00a0 de Consentimento para Tratamento de Dados Pessoais BAIXAR ARQUIVO Pol\u00edtica de Privacidade e Comunica\u00e7\u00f5es sobre a LGPD BAIXAR ARQUIVO\" \/>\n<meta property=\"og:url\" content=\"https:\/\/cartorioadrianaceliac.com.br\/?page_id=7094\" \/>\n<meta property=\"og:site_name\" content=\"Cart\u00f3rio Adriana Celiac\" \/>\n<meta property=\"article:modified_time\" content=\"2023-09-23T00:19:12+00:00\" \/>\n<meta name=\"twitter:card\" content=\"summary_large_image\" \/>\n<script type=\"application\/ld+json\" class=\"yoast-schema-graph\">{\"@context\":\"https:\/\/schema.org\",\"@graph\":[{\"@type\":\"WebPage\",\"@id\":\"https:\/\/cartorioadrianaceliac.com.br\/?page_id=7094\",\"url\":\"https:\/\/cartorioadrianaceliac.com.br\/?page_id=7094\",\"name\":\"LGPD - Cart\u00f3rio Adriana Celiac\",\"isPartOf\":{\"@id\":\"https:\/\/cartorioadrianaceliac.com.br\/#website\"},\"datePublished\":\"2023-09-23T00:01:03+00:00\",\"dateModified\":\"2023-09-23T00:19:12+00:00\",\"breadcrumb\":{\"@id\":\"https:\/\/cartorioadrianaceliac.com.br\/?page_id=7094#breadcrumb\"},\"inLanguage\":\"pt-BR\",\"potentialAction\":[{\"@type\":\"ReadAction\",\"target\":[\"https:\/\/cartorioadrianaceliac.com.br\/?page_id=7094\"]}]},{\"@type\":\"BreadcrumbList\",\"@id\":\"https:\/\/cartorioadrianaceliac.com.br\/?page_id=7094#breadcrumb\",\"itemListElement\":[{\"@type\":\"ListItem\",\"position\":1,\"name\":\"In\u00edcio\",\"item\":\"https:\/\/cartorioadrianaceliac.com.br\/\"},{\"@type\":\"ListItem\",\"position\":2,\"name\":\"LGPD\"}]},{\"@type\":\"WebSite\",\"@id\":\"https:\/\/cartorioadrianaceliac.com.br\/#website\",\"url\":\"https:\/\/cartorioadrianaceliac.com.br\/\",\"name\":\"Cart\u00f3rio Adriana Celiac\",\"description\":\"Cart\u00f3rio localizado em Hidrol\u00e2ndia\",\"publisher\":{\"@id\":\"https:\/\/cartorioadrianaceliac.com.br\/#organization\"},\"potentialAction\":[{\"@type\":\"SearchAction\",\"target\":{\"@type\":\"EntryPoint\",\"urlTemplate\":\"https:\/\/cartorioadrianaceliac.com.br\/?s={search_term_string}\"},\"query-input\":\"required name=search_term_string\"}],\"inLanguage\":\"pt-BR\"},{\"@type\":\"Organization\",\"@id\":\"https:\/\/cartorioadrianaceliac.com.br\/#organization\",\"name\":\"Cart\u00f3rio Adriana Celiac\",\"url\":\"https:\/\/cartorioadrianaceliac.com.br\/\",\"sameAs\":[],\"logo\":{\"@type\":\"ImageObject\",\"inLanguage\":\"pt-BR\",\"@id\":\"https:\/\/cartorioadrianaceliac.com.br\/#\/schema\/logo\/image\/\",\"url\":\"https:\/\/cartorioadrianaceliac.com.br\/wp-content\/uploads\/2022\/02\/Logo01.png\",\"contentUrl\":\"https:\/\/cartorioadrianaceliac.com.br\/wp-content\/uploads\/2022\/02\/Logo01.png\",\"width\":1123,\"height\":416,\"caption\":\"Cart\u00f3rio Adriana Celiac\"},\"image\":{\"@id\":\"https:\/\/cartorioadrianaceliac.com.br\/#\/schema\/logo\/image\/\"}}]}<\/script>\n<!-- \/ Yoast SEO plugin. -->","yoast_head_json":{"title":"LGPD - Cart\u00f3rio Adriana Celiac","robots":{"index":"index","follow":"follow","max-snippet":"max-snippet:-1","max-image-preview":"max-image-preview:large","max-video-preview":"max-video-preview:-1"},"canonical":"https:\/\/cartorioadrianaceliac.com.br\/?page_id=7094","og_locale":"pt_BR","og_type":"article","og_title":"LGPD - Cart\u00f3rio Adriana Celiac","og_description":"Pol\u00edtica de Privacidade | Termo de Consentimento LGPD Arquivos para baixar: Pol\u00edtica de Seguranc\u0327a da Informac\u0327a\u0303o LGPD BAIXAR ARQUIVO Termo\u00a0 de Consentimento para Tratamento de Dados Pessoais BAIXAR ARQUIVO Pol\u00edtica de Privacidade e Comunica\u00e7\u00f5es sobre a LGPD BAIXAR ARQUIVO","og_url":"https:\/\/cartorioadrianaceliac.com.br\/?page_id=7094","og_site_name":"Cart\u00f3rio Adriana Celiac","article_modified_time":"2023-09-23T00:19:12+00:00","twitter_card":"summary_large_image","schema":{"@context":"https:\/\/schema.org","@graph":[{"@type":"WebPage","@id":"https:\/\/cartorioadrianaceliac.com.br\/?page_id=7094","url":"https:\/\/cartorioadrianaceliac.com.br\/?page_id=7094","name":"LGPD - Cart\u00f3rio Adriana Celiac","isPartOf":{"@id":"https:\/\/cartorioadrianaceliac.com.br\/#website"},"datePublished":"2023-09-23T00:01:03+00:00","dateModified":"2023-09-23T00:19:12+00:00","breadcrumb":{"@id":"https:\/\/cartorioadrianaceliac.com.br\/?page_id=7094#breadcrumb"},"inLanguage":"pt-BR","potentialAction":[{"@type":"ReadAction","target":["https:\/\/cartorioadrianaceliac.com.br\/?page_id=7094"]}]},{"@type":"BreadcrumbList","@id":"https:\/\/cartorioadrianaceliac.com.br\/?page_id=7094#breadcrumb","itemListElement":[{"@type":"ListItem","position":1,"name":"In\u00edcio","item":"https:\/\/cartorioadrianaceliac.com.br\/"},{"@type":"ListItem","position":2,"name":"LGPD"}]},{"@type":"WebSite","@id":"https:\/\/cartorioadrianaceliac.com.br\/#website","url":"https:\/\/cartorioadrianaceliac.com.br\/","name":"Cart\u00f3rio Adriana Celiac","description":"Cart\u00f3rio localizado em Hidrol\u00e2ndia","publisher":{"@id":"https:\/\/cartorioadrianaceliac.com.br\/#organization"},"potentialAction":[{"@type":"SearchAction","target":{"@type":"EntryPoint","urlTemplate":"https:\/\/cartorioadrianaceliac.com.br\/?s={search_term_string}"},"query-input":"required name=search_term_string"}],"inLanguage":"pt-BR"},{"@type":"Organization","@id":"https:\/\/cartorioadrianaceliac.com.br\/#organization","name":"Cart\u00f3rio Adriana Celiac","url":"https:\/\/cartorioadrianaceliac.com.br\/","sameAs":[],"logo":{"@type":"ImageObject","inLanguage":"pt-BR","@id":"https:\/\/cartorioadrianaceliac.com.br\/#\/schema\/logo\/image\/","url":"https:\/\/cartorioadrianaceliac.com.br\/wp-content\/uploads\/2022\/02\/Logo01.png","contentUrl":"https:\/\/cartorioadrianaceliac.com.br\/wp-content\/uploads\/2022\/02\/Logo01.png","width":1123,"height":416,"caption":"Cart\u00f3rio Adriana Celiac"},"image":{"@id":"https:\/\/cartorioadrianaceliac.com.br\/#\/schema\/logo\/image\/"}}]}},"_links":{"self":[{"href":"https:\/\/cartorioadrianaceliac.com.br\/index.php?rest_route=\/wp\/v2\/pages\/7094","targetHints":{"allow":["GET"]}}],"collection":[{"href":"https:\/\/cartorioadrianaceliac.com.br\/index.php?rest_route=\/wp\/v2\/pages"}],"about":[{"href":"https:\/\/cartorioadrianaceliac.com.br\/index.php?rest_route=\/wp\/v2\/types\/page"}],"author":[{"embeddable":true,"href":"https:\/\/cartorioadrianaceliac.com.br\/index.php?rest_route=\/wp\/v2\/users\/1"}],"replies":[{"embeddable":true,"href":"https:\/\/cartorioadrianaceliac.com.br\/index.php?rest_route=%2Fwp%2Fv2%2Fcomments&post=7094"}],"version-history":[{"count":12,"href":"https:\/\/cartorioadrianaceliac.com.br\/index.php?rest_route=\/wp\/v2\/pages\/7094\/revisions"}],"predecessor-version":[{"id":7109,"href":"https:\/\/cartorioadrianaceliac.com.br\/index.php?rest_route=\/wp\/v2\/pages\/7094\/revisions\/7109"}],"wp:attachment":[{"href":"https:\/\/cartorioadrianaceliac.com.br\/index.php?rest_route=%2Fwp%2Fv2%2Fmedia&parent=7094"}],"curies":[{"name":"wp","href":"https:\/\/api.w.org\/{rel}","templated":true}]}}